{"id":4817,"date":"2023-04-10T18:57:24","date_gmt":"2023-04-10T16:57:24","guid":{"rendered":"https:\/\/www.traditions-de-france.fr\/?page_id=4817"},"modified":"2025-03-31T20:43:44","modified_gmt":"2025-03-31T18:43:44","slug":"nos-engagements","status":"publish","type":"page","link":"https:\/\/www.traditions-de-france.fr\/fr\/nos-engagements\/","title":{"rendered":"Nos engagements"},"content":{"rendered":"<p>[et_pb_section fb_built=\u00a0\u00bb1&Prime; custom_padding_last_edited=\u00a0\u00bbon|desktop\u00a0\u00bb _builder_version=\u00a0\u00bb4.20.4&Prime; _module_preset=\u00a0\u00bbdefault\u00a0\u00bb custom_padding=\u00a0\u00bb260px||||false|false\u00a0\u00bb custom_padding_tablet=\u00a0\u00bb200px||||false|false\u00a0\u00bb custom_padding_phone=\u00a0\u00bb200px||||false|false\u00a0\u00bb hover_enabled=\u00a0\u00bb0&Prime; locked=\u00a0\u00bboff\u00a0\u00bb global_colors_info=\u00a0\u00bb{}\u00a0\u00bb sticky_enabled=\u00a0\u00bb0&Prime;][et_pb_row column_structure=\u00a0\u00bb3_5,2_5&Prime; _builder_version=\u00a0\u00bb4.20.4&Prime; _module_preset=\u00a0\u00bbdefault\u00a0\u00bb background_color=\u00a0\u00bb#f9f9f9&Prime; max_width=\u00a0\u00bb80%\u00a0\u00bb custom_padding=\u00a0\u00bb|30px||30px|false|true\u00a0\u00bb custom_css_main_element=\u00a0\u00bbdisplay:flex;||flex-direction:row;||justify-content: center;||align-items:center;\u00a0\u00bb box_shadow_style=\u00a0\u00bbpreset3&Prime; box_shadow_vertical=\u00a0\u00bb6px\u00a0\u00bb global_colors_info=\u00a0\u00bb{}\u00a0\u00bb custom_css_main_element_last_edited=\u00a0\u00bbon|tablet\u00a0\u00bb custom_css_main_element_tablet=\u00a0\u00bbdisplay:block;\u00a0\u00bb custom_css_main_element_phone=\u00a0\u00bbdisplay:block;\u00a0\u00bb][et_pb_column type=\u00a0\u00bb3_5&Prime; _builder_version=\u00a0\u00bb4.20.4&Prime; _module_preset=\u00a0\u00bbdefault\u00a0\u00bb global_colors_info=\u00a0\u00bb{}\u00a0\u00bb][et_pb_code admin_label=\u00a0\u00bbCode\u00a0\u00bb _builder_version=\u00a0\u00bb4.20.4&Prime; _module_preset=\u00a0\u00bbdefault\u00a0\u00bb custom_margin=\u00a0\u00bb0px||0px||false|false\u00a0\u00bb custom_padding=\u00a0\u00bb0px||0px||false|false\u00a0\u00bb locked=\u00a0\u00bboff\u00a0\u00bb global_colors_info=\u00a0\u00bb{}\u00a0\u00bb]<script><!-- [et_pb_line_break_holder] -->\/\/ Wait for the DOM to be ready<!-- [et_pb_line_break_holder] -->$(document).ready(function() {<!-- [et_pb_line_break_holder] --><!-- [et_pb_line_break_holder] -->  \/\/ Select the h1 element with the \"dsm-menu-title et_pb_module_header\" class within the footer<!-- [et_pb_line_break_holder] -->  const element = $('footer').find('h1.dsm-menu-title.et_pb_module_header');<!-- [et_pb_line_break_holder] --><!-- [et_pb_line_break_holder] -->  \/\/ Check if the element exists and the text \"Quick Links\" is present in the element's text content<!-- [et_pb_line_break_holder] -->  if (element.length && element.text().includes('Quick Links')) {<!-- [et_pb_line_break_holder] -->    \/\/ Replace the text with \"Liens Rapides\"<!-- [et_pb_line_break_holder] -->    element.html(element.html().replace(\/Quick Links\/g, 'Liens Rapides'));<!-- [et_pb_line_break_holder] -->  }<!-- [et_pb_line_break_holder] --><!-- [et_pb_line_break_holder] -->});<!-- [et_pb_line_break_holder] --><\/script>[\/et_pb_code][et_pb_text _builder_version=\u00a0\u00bb4.20.4&Prime; _module_preset=\u00a0\u00bbdefault\u00a0\u00bb header_text_color=\u00a0\u00bb#0054A3&Prime; header_font_size=\u00a0\u00bb60px\u00a0\u00bb header_font_size_tablet=\u00a0\u00bb60px\u00a0\u00bb header_font_size_phone=\u00a0\u00bb45px\u00a0\u00bb header_font_size_last_edited=\u00a0\u00bbon|phone\u00a0\u00bb global_colors_info=\u00a0\u00bb{}\u00a0\u00bb]<\/p>\n<h1>Nos engagements<\/h1>\n<p><span style=\"font-weight: 400;\">Tous ces produits issus de l\u2019excellence de nos artisans r\u00e9gionaux sont regroup\u00e9s sous notre marque TRADITIONS DE FRANCE, v\u00e9ritable label garantissant un produit fabriqu\u00e9 avec les meilleurs ingr\u00e9dients naturels, et dans le respect de savoir-faire ancestraux\u2026<\/span><\/p>\n<p><span style=\"font-weight: 400;\">Toutes les confiseries de la gamme TRADITIONS DE FRANCE sont faites \u00e0 la main, avec des ingr\u00e9dients naturels et dans la tradition des maitres confiseurs d\u2019antan.<\/span><\/p>\n<p><span style=\"font-weight: 400;\">Des violettes de Toulouse aux Coquelicots de Nemours en passant par les caramels au beurre sal\u00e9 de Bretagne, elles offrent un d\u00e9licieux voyage \u00e0 travers les r\u00e9gions fran\u00e7aises.<\/span><\/p>\n<p>[\/et_pb_text][et_pb_code _builder_version=\u00a0\u00bb4.20.4&Prime; _module_preset=\u00a0\u00bbdefault\u00a0\u00bb global_colors_info=\u00a0\u00bb{}\u00a0\u00bb]<script><!-- [et_pb_line_break_holder] -->document.addEventListener(\"DOMContentLoaded\", function() {<!-- [et_pb_line_break_holder] -->  \/\/ Get all the list elements with class \"about-list\"<!-- [et_pb_line_break_holder] -->  const aboutListItems = document.querySelectorAll('.about-list li');<!-- [et_pb_line_break_holder] --><!-- [et_pb_line_break_holder] -->  \/\/ Loop through each list element and find the \"dsm_icon_list_text\" element inside it<!-- [et_pb_line_break_holder] -->  aboutListItems.forEach(function(listItem) {<!-- [et_pb_line_break_holder] -->    const dsmIconListText = listItem.querySelector('.dsm_icon_list_text');<!-- [et_pb_line_break_holder] --><!-- [et_pb_line_break_holder] -->    if (dsmIconListText && dsmIconListText.innerHTML.match(\/[\u00fb\u00ee\u00f4\u00e0]\/g)) {<!-- [et_pb_line_break_holder] -->      \/\/ Create a regular expression to search for the character globally within the content<!-- [et_pb_line_break_holder] -->      const regex = new RegExp('[\u00fb\u00ee\u00f4\u00e0]', 'g');<!-- [et_pb_line_break_holder] --><!-- [et_pb_line_break_holder] -->      \/\/ Replace the character with a span element with the desired font family<!-- [et_pb_line_break_holder] -->      const replacedContent = dsmIconListText.innerHTML.replace(regex, '<span style=\"font-family: \\'Alex Brush\\', handwriting;\">$&<\/span>');<!-- [et_pb_line_break_holder] --><!-- [et_pb_line_break_holder] -->      \/\/ Update the inner HTML of the dsm_icon_list_text element with the replaced content<!-- [et_pb_line_break_holder] -->      dsmIconListText.innerHTML = replacedContent;<!-- [et_pb_line_break_holder] -->    }<!-- [et_pb_line_break_holder] -->  });<!-- [et_pb_line_break_holder] -->});<!-- [et_pb_line_break_holder] --><\/script>[\/et_pb_code][dsm_icon_list icon_gap_width=\u00a0\u00bb1.5em\u00a0\u00bb icon_padding=\u00a0\u00bb0px\u00a0\u00bb list_space_between=\u00a0\u00bb-10px\u00a0\u00bb list_vertical_alignment_tablet=\u00a0\u00bb\u00a0\u00bb list_vertical_alignment_phone=\u00a0\u00bbflex-start\u00a0\u00bb list_vertical_alignment_last_edited=\u00a0\u00bbon|phone\u00a0\u00bb list_space_between_tablet=\u00a0\u00bb-10px\u00a0\u00bb list_space_between_phone=\u00a0\u00bb-5px\u00a0\u00bb list_space_between_last_edited=\u00a0\u00bbon|phone\u00a0\u00bb module_class=\u00a0\u00bbabout-list\u00a0\u00bb _builder_version=\u00a0\u00bb4.20.4&Prime; _module_preset=\u00a0\u00bbdefault\u00a0\u00bb text_font=\u00a0\u00bbANGELINA||||||||\u00a0\u00bb locked=\u00a0\u00bboff\u00a0\u00bb global_colors_info=\u00a0\u00bb{}\u00a0\u00bb][dsm_icon_list_child text=\u00a0\u00bbProduits faits main par des ma\u00eetres artisans\u00a0\u00bb font_icon=\u00a0\u00bb&#x5c;||divi||400&Prime; icon_color=\u00a0\u00bb#0054A3&Prime; icon_font_size=\u00a0\u00bb28px\u00a0\u00bb icon_font_size_phone=\u00a0\u00bb28px\u00a0\u00bb icon_font_size_last_edited=\u00a0\u00bboff|phone\u00a0\u00bb _builder_version=\u00a0\u00bb4.20.4&Prime; _module_preset=\u00a0\u00bbdefault\u00a0\u00bb text_font=\u00a0\u00bbANGELINA||||||||\u00a0\u00bb text_text_color=\u00a0\u00bb#032E4E\u00a0\u00bb text_font_size=\u00a0\u00bb30px\u00a0\u00bb text_line_height=\u00a0\u00bb1.7em\u00a0\u00bb text_font_size_tablet=\u00a0\u00bb30px\u00a0\u00bb text_font_size_phone=\u00a0\u00bb28px\u00a0\u00bb text_font_size_last_edited=\u00a0\u00bbon|phone\u00a0\u00bb text_line_height_tablet=\u00a0\u00bb1.5em\u00a0\u00bb text_line_height_phone=\u00a0\u00bb1.1em\u00a0\u00bb text_line_height_last_edited=\u00a0\u00bbon|phone\u00a0\u00bb global_colors_info=\u00a0\u00bb{}\u00a0\u00bb][\/dsm_icon_list_child][dsm_icon_list_child text=\u00a0\u00bbCuisson en chaudron\u00a0\u00bb font_icon=\u00a0\u00bb&#x5c;||divi||400&Prime; icon_color=\u00a0\u00bb#0054A3&Prime; icon_font_size=\u00a0\u00bb28px\u00a0\u00bb _builder_version=\u00a0\u00bb4.20.4&Prime; _module_preset=\u00a0\u00bbdefault\u00a0\u00bb text_font=\u00a0\u00bbANGELINA||||||||\u00a0\u00bb text_text_color=\u00a0\u00bb#032E4E\u00a0\u00bb text_font_size=\u00a0\u00bb30px\u00a0\u00bb text_font_size_tablet=\u00a0\u00bb30px\u00a0\u00bb text_font_size_phone=\u00a0\u00bb28px\u00a0\u00bb text_font_size_last_edited=\u00a0\u00bbon|phone\u00a0\u00bb global_colors_info=\u00a0\u00bb{}\u00a0\u00bb][\/dsm_icon_list_child][dsm_icon_list_child text=\u00a0\u00bbPas d\u2019ar\u00f4mes artificiels\u00a0\u00bb font_icon=\u00a0\u00bb&#x5c;||divi||400&Prime; icon_color=\u00a0\u00bb#0054A3&Prime; icon_font_size=\u00a0\u00bb28px\u00a0\u00bb _builder_version=\u00a0\u00bb4.20.4&Prime; _module_preset=\u00a0\u00bbdefault\u00a0\u00bb text_font=\u00a0\u00bbANGELINA||||||||\u00a0\u00bb text_text_color=\u00a0\u00bb#032E4E\u00a0\u00bb text_font_size=\u00a0\u00bb30px\u00a0\u00bb text_font_size_tablet=\u00a0\u00bb30px\u00a0\u00bb text_font_size_phone=\u00a0\u00bb28px\u00a0\u00bb text_font_size_last_edited=\u00a0\u00bbon|phone\u00a0\u00bb text_line_height_tablet=\u00a0\u00bb1.5em\u00a0\u00bb text_line_height_phone=\u00a0\u00bb1.1em\u00a0\u00bb text_line_height_last_edited=\u00a0\u00bbon|phone\u00a0\u00bb global_colors_info=\u00a0\u00bb{}\u00a0\u00bb][\/dsm_icon_list_child][dsm_icon_list_child text=\u00a0\u00bbPas de conservateurs\u00a0\u00bb font_icon=\u00a0\u00bb&#x5c;||divi||400&Prime; icon_color=\u00a0\u00bb#0054A3&Prime; icon_font_size=\u00a0\u00bb28px\u00a0\u00bb _builder_version=\u00a0\u00bb4.20.4&Prime; _module_preset=\u00a0\u00bbdefault\u00a0\u00bb text_font=\u00a0\u00bbANGELINA||||||||\u00a0\u00bb text_text_color=\u00a0\u00bb#032E4E\u00a0\u00bb text_font_size=\u00a0\u00bb30px\u00a0\u00bb text_font_size_tablet=\u00a0\u00bb30px\u00a0\u00bb text_font_size_phone=\u00a0\u00bb28px\u00a0\u00bb text_font_size_last_edited=\u00a0\u00bbon|phone\u00a0\u00bb global_colors_info=\u00a0\u00bb{}\u00a0\u00bb][\/dsm_icon_list_child][dsm_icon_list_child text=\u00a0\u00bbMiel biologique certifi\u00e9\u00a0\u00bb font_icon=\u00a0\u00bb&#x5c;||divi||400&Prime; icon_color=\u00a0\u00bb#0054A3&Prime; icon_font_size=\u00a0\u00bb28px\u00a0\u00bb _builder_version=\u00a0\u00bb4.20.4&Prime; _module_preset=\u00a0\u00bbdefault\u00a0\u00bb text_font=\u00a0\u00bbANGELINA||||||||\u00a0\u00bb text_text_color=\u00a0\u00bb#032E4E\u00a0\u00bb text_font_size=\u00a0\u00bb30px\u00a0\u00bb text_font_size_tablet=\u00a0\u00bb30px\u00a0\u00bb text_font_size_phone=\u00a0\u00bb28px\u00a0\u00bb text_font_size_last_edited=\u00a0\u00bbon|phone\u00a0\u00bb global_colors_info=\u00a0\u00bb{}\u00a0\u00bb][\/dsm_icon_list_child][dsm_icon_list_child text=\u00a0\u00bbProduits sans gluten\u00a0\u00bb font_icon=\u00a0\u00bb&#x5c;||divi||400&Prime; icon_color=\u00a0\u00bb#0054A3&Prime; icon_font_size=\u00a0\u00bb28px\u00a0\u00bb _builder_version=\u00a0\u00bb4.20.4&Prime; _module_preset=\u00a0\u00bbdefault\u00a0\u00bb text_font=\u00a0\u00bbANGELINA||||||||\u00a0\u00bb text_text_color=\u00a0\u00bb#032E4E\u00a0\u00bb text_font_size=\u00a0\u00bb30px\u00a0\u00bb text_font_size_tablet=\u00a0\u00bb30px\u00a0\u00bb text_font_size_phone=\u00a0\u00bb28px\u00a0\u00bb text_font_size_last_edited=\u00a0\u00bbon|phone\u00a0\u00bb global_colors_info=\u00a0\u00bb{}\u00a0\u00bb][\/dsm_icon_list_child][\/dsm_icon_list][\/et_pb_column][et_pb_column type=\u00a0\u00bb2_5&Prime; _builder_version=\u00a0\u00bb4.20.4&Prime; _module_preset=\u00a0\u00bbdefault\u00a0\u00bb global_colors_info=\u00a0\u00bb{}\u00a0\u00bb][et_pb_image src=\u00a0\u00bbhttps:\/\/www.traditions-de-france.fr\/wp-content\/uploads\/2023\/04\/Chaudron-photo.jpg\u00a0\u00bb title_text=\u00a0\u00bbChaudron-photo\u00a0\u00bb _builder_version=\u00a0\u00bb4.20.4&Prime; _module_preset=\u00a0\u00bbdefault\u00a0\u00bb transform_rotate=\u00a0\u00bb0deg|0deg|2deg\u00a0\u00bb global_colors_info=\u00a0\u00bb{}\u00a0\u00bb transform_styles__hover_enabled=\u00a0\u00bbon|desktop\u00a0\u00bb transform_scale__hover_enabled=\u00a0\u00bbon|hover\u00a0\u00bb transform_translate__hover_enabled=\u00a0\u00bbon|desktop\u00a0\u00bb transform_rotate__hover_enabled=\u00a0\u00bbon|desktop\u00a0\u00bb transform_skew__hover_enabled=\u00a0\u00bbon|desktop\u00a0\u00bb transform_origin__hover_enabled=\u00a0\u00bbon|desktop\u00a0\u00bb transform_scale__hover=\u00a0\u00bb104%|104%\u00a0\u00bb transform_rotate__hover=\u00a0\u00bb0deg|0deg|2deg\u00a0\u00bb][\/et_pb_image][\/et_pb_column][\/et_pb_row][\/et_pb_section]<\/p>\n","protected":false},"excerpt":{"rendered":"<p>Nos engagements Tous ces produits issus de l\u2019excellence de nos artisans r\u00e9gionaux sont regroup\u00e9s sous notre marque TRADITIONS DE FRANCE, v\u00e9ritable label garantissant un produit fabriqu\u00e9 avec les meilleurs ingr\u00e9dients naturels, et dans le respect de savoir-faire ancestraux\u2026 Toutes les confiseries de la gamme TRADITIONS DE FRANCE sont faites \u00e0 la main, avec des ingr\u00e9dients [&hellip;]<\/p>\n","protected":false},"author":1,"featured_media":0,"parent":0,"menu_order":0,"comment_status":"closed","ping_status":"closed","template":"","meta":{"_et_pb_use_builder":"on","_et_pb_old_content":"[et_pb_section fb_built=\"1\" _builder_version=\"4.20.4\" _module_preset=\"default\" background_enable_pattern_style=\"on\" background_pattern_style=\"squares\" background_pattern_color=\"rgba(0,0,0,0.03)\" custom_padding=\"200px||||false|false\" locked=\"off\" global_colors_info=\"{}\"][et_pb_row column_structure=\"3_5,2_5\" _builder_version=\"4.20.4\" _module_preset=\"default\" background_color=\"#f9f9f9\" max_width=\"80%\" custom_padding=\"|30px||30px|false|true\" custom_css_main_element=\"display:flex;||flex-direction:row;||justify-content: center;||align-items:center;\" box_shadow_style=\"preset3\" box_shadow_vertical=\"6px\" global_colors_info=\"{}\" custom_css_main_element_last_edited=\"on|tablet\" custom_css_main_element_tablet=\"display:block;\" custom_css_main_element_phone=\"display:block;\"][et_pb_column type=\"3_5\" _builder_version=\"4.20.4\" _module_preset=\"default\" global_colors_info=\"{}\"][et_pb_text _builder_version=\"4.20.4\" _module_preset=\"default\" header_text_color=\"#0054A3\" header_font_size=\"60px\" global_colors_info=\"{}\"]\n<h1>Our commitments<\/h1>\nAll our products are testimonies of the incredible knowhow of French artisans, and our brand TRADITIONS DE FRANCE is a warranty of quality and authenticity: nothing but the best natural ingredients and products made the traditional way, in France.\n\nAll our TRADITIONS DE FRANCE candies are made by hand, with selected natural ingredients, and following technics of the former \u201cconfectionary masters\u201d.\n\nFrom the violets of Toulouse to the red poppies of Nemours, going through the Berlingots of Nantes, our range of products is a formidable and exquisite trip through the different regions of France\u2026\n\n[\/et_pb_text][et_pb_blurb title=\"Handmade in France\" use_icon=\"on\" font_icon=\"\\||divi||400\" icon_color=\"#0054A3\" icon_placement=\"left\" image_icon_width=\"28px\" _builder_version=\"4.20.4\" _module_preset=\"default\" header_text_color=\"#032E4E\" header_font_size=\"28px\" image_icon_custom_margin=\"-2px||||false|false\" custom_margin=\"0px||0px|-200px|false|false\" custom_margin_tablet=\"0px||0px|0px|false|false\" custom_margin_phone=\"0px||0px|0px|false|false\" custom_margin_last_edited=\"on|desktop\" custom_padding=\"0px||0px||false|false\" border_color_all_image=\"#E64135\" global_colors_info=\"{}\"][\/et_pb_blurb][et_pb_blurb title=\"Cooked in cauldron\" use_icon=\"on\" font_icon=\"\\||divi||400\" icon_color=\"#0054A3\" icon_placement=\"left\" image_icon_width=\"28px\" _builder_version=\"4.20.4\" _module_preset=\"default\" header_text_color=\"#032E4E\" header_font_size=\"28px\" image_icon_custom_margin=\"-2px||||false|false\" custom_margin=\"0px||0px|-200px|false|false\" custom_margin_tablet=\"0px||0px|0px|false|false\" custom_margin_phone=\"0px||0px|0px|false|false\" custom_margin_last_edited=\"on|desktop\" custom_padding=\"0px||0px||false|false\" border_color_all_image=\"#E64135\" global_colors_info=\"{}\"][\/et_pb_blurb][et_pb_blurb title=\"No artificial flavors\" use_icon=\"on\" font_icon=\"\\||divi||400\" icon_color=\"#0054A3\" icon_placement=\"left\" image_icon_width=\"28px\" _builder_version=\"4.20.4\" _module_preset=\"default\" header_text_color=\"#032E4E\" header_font_size=\"28px\" image_icon_custom_margin=\"-2px||||false|false\" custom_margin=\"0px||0px|-200px|false|false\" custom_margin_tablet=\"0px||0px|0px|false|false\" custom_margin_phone=\"0px||0px|0px|false|false\" custom_margin_last_edited=\"on|desktop\" custom_padding=\"0px||0px||false|false\" border_color_all_image=\"#E64135\" global_colors_info=\"{}\"][\/et_pb_blurb][et_pb_blurb title=\"No artificial colors\" use_icon=\"on\" font_icon=\"\\||divi||400\" icon_color=\"#0054A3\" icon_placement=\"left\" image_icon_width=\"28px\" _builder_version=\"4.20.4\" _module_preset=\"default\" header_text_color=\"#032E4E\" header_font_size=\"28px\" image_icon_custom_margin=\"-2px||||false|false\" custom_margin=\"0px||0px|-200px|false|false\" custom_margin_tablet=\"0px||0px|0px|false|false\" custom_margin_phone=\"0px||0px|0px|false|false\" custom_margin_last_edited=\"on|desktop\" custom_padding=\"0px||0px||false|false\" border_color_all_image=\"#E64135\" global_colors_info=\"{}\"][\/et_pb_blurb][et_pb_blurb title=\"Certified organic honey\" use_icon=\"on\" font_icon=\"\\||divi||400\" icon_color=\"#0054A3\" icon_placement=\"left\" image_icon_width=\"28px\" _builder_version=\"4.20.4\" _module_preset=\"default\" header_text_color=\"#032E4E\" header_font_size=\"28px\" image_icon_custom_margin=\"-2px||||false|false\" custom_margin=\"0px||0px|-200px|false|false\" custom_margin_tablet=\"0px||0px|0px|false|false\" custom_margin_phone=\"0px||0px|0px|false|false\" custom_margin_last_edited=\"on|desktop\" custom_padding=\"0px||0px||false|false\" border_color_all_image=\"#E64135\" global_colors_info=\"{}\"][\/et_pb_blurb][et_pb_blurb title=\"Gluten free\" use_icon=\"on\" font_icon=\"\\||divi||400\" icon_color=\"#0054A3\" icon_placement=\"left\" image_icon_width=\"28px\" _builder_version=\"4.20.4\" _module_preset=\"default\" header_text_color=\"#032E4E\" header_font_size=\"28px\" image_icon_custom_margin=\"-2px||||false|false\" custom_margin=\"0px||0px|-200px|false|false\" custom_margin_tablet=\"0px||0px|0px|false|false\" custom_margin_phone=\"0px||0px|0px|false|false\" custom_margin_last_edited=\"on|desktop\" custom_padding=\"0px||0px||false|false\" border_color_all_image=\"#E64135\" global_colors_info=\"{}\"][\/et_pb_blurb][et_pb_blurb title=\"Vegan (except honey)\" use_icon=\"on\" font_icon=\"\\||divi||400\" icon_color=\"#0054A3\" icon_placement=\"left\" image_icon_width=\"28px\" _builder_version=\"4.20.4\" _module_preset=\"default\" header_text_color=\"#032E4E\" header_font_size=\"28px\" image_icon_custom_margin=\"-2px||||false|false\" custom_margin=\"0px||0px|-200px|false|false\" custom_margin_tablet=\"0px||0px|0px|false|false\" custom_margin_phone=\"0px||0px|0px|false|false\" custom_margin_last_edited=\"on|desktop\" custom_padding=\"0px||0px||false|false\" border_color_all_image=\"#E64135\" global_colors_info=\"{}\"][\/et_pb_blurb][\/et_pb_column][et_pb_column type=\"2_5\" _builder_version=\"4.20.4\" _module_preset=\"default\" global_colors_info=\"{}\"][et_pb_image src=\"https:\/\/www.traditions-de-france.fr\/wp-content\/uploads\/2023\/04\/Chaudron-photo.jpg\" title_text=\"Chaudron-photo\" _builder_version=\"4.20.4\" _module_preset=\"default\" transform_rotate=\"0deg|0deg|2deg\" hover_enabled=\"0\" global_colors_info=\"{}\" transform_styles__hover_enabled=\"on|desktop\" transform_scale__hover_enabled=\"on|hover\" transform_translate__hover_enabled=\"on|desktop\" transform_rotate__hover_enabled=\"on|desktop\" transform_skew__hover_enabled=\"on|desktop\" transform_origin__hover_enabled=\"on|desktop\" transform_scale__hover=\"104%|104%\" sticky_enabled=\"0\" transform_rotate__hover=\"0deg|0deg|2deg\"][\/et_pb_image][\/et_pb_column][\/et_pb_row][\/et_pb_section]","_et_gb_content_width":"","footnotes":""},"class_list":["post-4817","page","type-page","status-publish","hentry"],"_links":{"self":[{"href":"https:\/\/www.traditions-de-france.fr\/fr\/wp-json\/wp\/v2\/pages\/4817","targetHints":{"allow":["GET"]}}],"collection":[{"href":"https:\/\/www.traditions-de-france.fr\/fr\/wp-json\/wp\/v2\/pages"}],"about":[{"href":"https:\/\/www.traditions-de-france.fr\/fr\/wp-json\/wp\/v2\/types\/page"}],"author":[{"embeddable":true,"href":"https:\/\/www.traditions-de-france.fr\/fr\/wp-json\/wp\/v2\/users\/1"}],"replies":[{"embeddable":true,"href":"https:\/\/www.traditions-de-france.fr\/fr\/wp-json\/wp\/v2\/comments?post=4817"}],"version-history":[{"count":19,"href":"https:\/\/www.traditions-de-france.fr\/fr\/wp-json\/wp\/v2\/pages\/4817\/revisions"}],"predecessor-version":[{"id":5637,"href":"https:\/\/www.traditions-de-france.fr\/fr\/wp-json\/wp\/v2\/pages\/4817\/revisions\/5637"}],"wp:attachment":[{"href":"https:\/\/www.traditions-de-france.fr\/fr\/wp-json\/wp\/v2\/media?parent=4817"}],"curies":[{"name":"wp","href":"https:\/\/api.w.org\/{rel}","templated":true}]}}